{"id":632,"date":"2023-10-17T14:29:12","date_gmt":"2023-10-17T12:29:12","guid":{"rendered":"https:\/\/debossmouv.com\/?page_id=632"},"modified":"2023-10-24T10:05:44","modified_gmt":"2023-10-24T08:05:44","slug":"polissage-lustrage-carrosserie","status":"publish","type":"page","link":"https:\/\/debossmouv.com\/?page_id=632","title":{"rendered":"POLISSAGE &#038; LUSTRAGE CARROSSERIE"},"content":{"rendered":"\n\n\t<section class=\"section\" id=\"section_892286359\">\n\t\t<div class=\"section-bg fill\" >\n\t\t\t\t\t\t\t\t\t\n\t\t\t\n\t<div class=\"is-border\"\n\t\tstyle=\"border-width:0px 0px 0px 0px;\">\n\t<\/div>\n\n\t\t<\/div>\n\n\t\t\n\t<div class=\"ux-shape-divider ux-shape-divider--bottom ux-shape-divider--style-waves-opacity-3 ux-shape-divider--to-front\">\n\t\t<svg viewBox=\"0 0 1000 300\" xmlns=\"http:\/\/www.w3.org\/2000\/svg\" preserveAspectRatio=\"none\">\n\t<path class=\"ux-shape-fill\" opacity=\"0.05\" d=\"M1014 264V386H206L34 300C34 300 344.42 277.16 436 221C542 156 590 160 704 209C811 255 899.11 214.94 979 346L1014 264Z\"\/>\n\t<path class=\"ux-shape-fill\" opacity=\"0.1\" d=\"M-302 55C-302 55 -66.73 263.25 50 214C178 160 283 116 353 141C445.68 174.1 534.28 256.19 588 249C692.9 235 764.52 75.94 855 131C940.61 183.09 1000 254 1000 254V328L-306 338L-302 55Z\"\/>\n\t<path class=\"ux-shape-fill\" opacity=\"0.15\" d=\"M-286 255C-286 255 -72 152 52 126C176 100 255 155 436 227C581.57 284.91 614.7 277.79 708 227C787 184 1009 3.0001 1093 164C1146 265.63 1031 293 1031 293L924 377L-288 389L-286 255Z\"\/>\n\t<path class=\"ux-shape-fill\" opacity=\"0.3\" d=\"M-24 69C-24 69 275.68 370.66 389 314C397 310 622 316 673 356C690.47 369.7 845 224 890 182C944.8 130.85 1018 92 1078 143C1154.12 207.7 1196 242 1196 242L1184 374L-28 386L-24 69Z\"\/>\n\t<path class=\"ux-shape-fill\" d=\"M-12 201C-12 201 58 284 182 258C306 232 342.29 221.23 456 264C565 305 640.82 288.36 721 249C776 222 837.5 191.31 935 253C984 284 1030 279 1030 279L1024 430L-12 440V201Z\"\/>\n<\/svg>\n\t<\/div>\n\n\t\t<div class=\"section-content relative\">\n\t\t\t\n\n<div class=\"slider-wrapper relative\" id=\"slider-519341426\" >\n    <div class=\"slider slider-nav-circle slider-nav-large slider-nav-light slider-style-normal\"\n        data-flickity-options='{\n            \"cellAlign\": \"center\",\n            \"imagesLoaded\": true,\n            \"lazyLoad\": 1,\n            \"freeScroll\": false,\n            \"wrapAround\": true,\n            \"autoPlay\": 6000,\n            \"pauseAutoPlayOnHover\" : true,\n            \"prevNextButtons\": true,\n            \"contain\" : true,\n            \"adaptiveHeight\" : true,\n            \"dragThreshold\" : 10,\n            \"percentPosition\": true,\n            \"pageDots\": true,\n            \"rightToLeft\": false,\n            \"draggable\": true,\n            \"selectedAttraction\": 0.1,\n            \"parallax\" : 0,\n            \"friction\": 0.6        }'\n        >\n        \n\n\n  <div class=\"banner has-hover has-slide-effect slide-fade-in\" id=\"banner-972366993\">\n          <div class=\"banner-inner fill\">\n        <div class=\"banner-bg fill\" >\n            <img loading=\"lazy\" decoding=\"async\" width=\"1020\" height=\"681\" src=\"https:\/\/debossmouv.com\/wp-content\/uploads\/2023\/10\/Depositphotos_124633752_XL-1199x800.jpg\" class=\"bg attachment-large size-large\" alt=\"\" \/>                        <div class=\"overlay\"><\/div>            \n                    <\/div>\n\t\t\n        <div class=\"banner-layers container\">\n            <div class=\"fill banner-link\"><\/div>            \n\n   <div id=\"text-box-1837300476\" class=\"text-box banner-layer text-box-circle x50 md-x100 lg-x100 y70 md-y95 lg-y95 res-text\">\n                     <div data-animate=\"bounceIn\">           <div class=\"text-box-content text dark\">\n              \n              <div class=\"text-inner text-center\">\n                  \n\n\t<div id=\"text-76623103\" class=\"text\">\n\t\t\n\n<h5 class=\"uppercase\">besoin d&rsquo;un POLISSAGE ET LUSTRAGE de votre carrosserie ?<\/h5>\n<p>Vous \u00eates au bon endroit, nous sommes les sp\u00e9cialistes du polissage et du lustrage de carrosserie.<\/p>\n\t\t\n<style>\n#text-76623103 {\n  color: rgb(255,255,255);\n}\n#text-76623103 > * {\n  color: rgb(255,255,255);\n}\n<\/style>\n\t<\/div>\n\t\n<a data-animate=\"bounceIn\" href=\"https:\/\/debossmouv.com\/?page_id=497\" class=\"button primary\" style=\"border-radius:45px;\">\n\t\t<span>Contactez-nous<\/span>\n\t<\/a>\n\n\n\n              <\/div>\n           <\/div>\n       <\/div>                     \n<style>\n#text-box-1837300476 .text-inner {\n  padding: 0px 20px 0px 20px;\n}\n#text-box-1837300476 {\n  width: 75%;\n}\n#text-box-1837300476 .text-box-content {\n  font-size: 100%;\n}\n@media (min-width:550px) {\n  #text-box-1837300476 {\n    width: 61%;\n  }\n}\n<\/style>\n    <\/div>\n \n\n        <\/div>\n      <\/div>\n\n            \n<style>\n#banner-972366993 {\n  padding-top: 800px;\n  background-color: rgb(0,0,0);\n}\n#banner-972366993 .overlay {\n  background-color: rgba(0, 0, 0, 0.17);\n}\n#banner-972366993 .banner-bg img {\n  object-position: 51% 35%;\n}\n<\/style>\n  <\/div>\n\n\n\n     <\/div>\n\n     <div class=\"loading-spin dark large centered\"><\/div>\n\n\t<\/div>\n\n\n\n\t\t<\/div>\n\n\t\t\n<style>\n#section_892286359 {\n  padding-top: 0px;\n  padding-bottom: 0px;\n  background-color: rgb(0,0,0);\n}\n#section_892286359 .ux-shape-divider--bottom svg {\n  height: 150px;\n  --divider-width: 293%;\n}\n#section_892286359 .ux-shape-divider--bottom .ux-shape-fill {\n  fill: rgb(0,0,0);\n}\n@media (min-width:550px) {\n  #section_892286359 .ux-shape-divider--bottom svg {\n    --divider-width: 122%;\n  }\n}\n<\/style>\n\t<\/section>\n\t\n\n\t<section class=\"section\" id=\"section_1461767982\">\n\t\t<div class=\"section-bg fill\" >\n\t\t\t\t\t\t\t\t\t\n\t\t\t\n\n\t\t<\/div>\n\n\t\t\n\n\t\t<div class=\"section-content relative\">\n\t\t\t\n\n\t<div id=\"gap-1874384175\" class=\"gap-element clearfix\" style=\"display:block; height:auto;\">\n\t\t\n<style>\n#gap-1874384175 {\n  padding-top: 100px;\n}\n<\/style>\n\t<\/div>\n\t\n\n<div class=\"container section-title-container\" ><h2 class=\"section-title section-title-bold-center\"><b aria-hidden=\"true\"><\/b><span class=\"section-title-main\" style=\"color:rgb(184, 151, 70);\">\u20ac  NOS TARIFS :<\/span><b aria-hidden=\"true\"><\/b><\/h2><\/div>\n\n\t<div id=\"text-443135095\" class=\"text\">\n\t\t\n\n<ul>\n<li>POLISSAGE &amp; LUSTRGE INT\u00c9GRAL\u00a0 : 100\u20ac<\/li>\n<\/ul>\n\t\t\n<style>\n#text-443135095 {\n  text-align: center;\n}\n<\/style>\n\t<\/div>\n\t\n\n\t\t<\/div>\n\n\t\t\n<style>\n#section_1461767982 {\n  padding-top: 30px;\n  padding-bottom: 30px;\n}\n<\/style>\n\t<\/section>\n\t\n\n\t<section class=\"section\" id=\"section_2091685177\">\n\t\t<div class=\"section-bg fill\" >\n\t\t\t\t\t\t\t\t\t\n\t\t\t\n\t<div class=\"is-border\"\n\t\tstyle=\"border-width:0px 0px 0px 0px;\">\n\t<\/div>\n\n\t\t<\/div>\n\n\t\t\n\n\t\t<div class=\"section-content relative\">\n\t\t\t\n\n<div class=\"container section-title-container\" ><h2 class=\"section-title section-title-bold-center\"><b aria-hidden=\"true\"><\/b><span class=\"section-title-main\" style=\"color:rgb(184, 151, 70);\"><i class=\"icon-plus\" aria-hidden=\"true\"><\/i>D'INFO :<\/span><b aria-hidden=\"true\"><\/b><\/h2><\/div>\n\n<div class=\"row\"  id=\"row-1187850146\">\n\n\n\t<div id=\"col-801500172\" class=\"col medium-6 small-12 large-6\"  >\n\t\t\t\t<div class=\"col-inner\"  >\n\t\t\t\n\t\t\t\n\n\t<div class=\"img has-hover x md-x lg-x y md-y lg-y\" id=\"image_149560235\">\n\t\t\t\t\t\t\t\t<div class=\"img-inner image-cover dark\" style=\"padding-top:135%;\">\n\t\t\t<img loading=\"lazy\" decoding=\"async\" width=\"1707\" height=\"2560\" src=\"https:\/\/debossmouv.com\/wp-content\/uploads\/2023\/10\/Depositphotos_676493640_XL-scaled.jpg\" class=\"attachment-original size-original\" alt=\"\" srcset=\"https:\/\/debossmouv.com\/wp-content\/uploads\/2023\/10\/Depositphotos_676493640_XL-scaled.jpg 1707w, https:\/\/debossmouv.com\/wp-content\/uploads\/2023\/10\/Depositphotos_676493640_XL-267x400.jpg 267w, https:\/\/debossmouv.com\/wp-content\/uploads\/2023\/10\/Depositphotos_676493640_XL-533x800.jpg 533w, https:\/\/debossmouv.com\/wp-content\/uploads\/2023\/10\/Depositphotos_676493640_XL-768x1152.jpg 768w, https:\/\/debossmouv.com\/wp-content\/uploads\/2023\/10\/Depositphotos_676493640_XL-1024x1536.jpg 1024w, https:\/\/debossmouv.com\/wp-content\/uploads\/2023\/10\/Depositphotos_676493640_XL-1365x2048.jpg 1365w\" sizes=\"auto, (max-width: 1707px) 100vw, 1707px\" \/>\t\t\t\t\t\t\n\t\t\t\t\t<\/div>\n\t\t\t\t\t\t\t\t\n<style>\n#image_149560235 {\n  width: 100%;\n}\n<\/style>\n\t<\/div>\n\t\n\n\n\t\t<\/div>\n\t\t\t\t\t<\/div>\n\n\t\n\n\t<div id=\"col-273049646\" class=\"col medium-6 small-12 large-6\"  >\n\t\t\t\t<div class=\"col-inner\"  >\n\t\t\t\n\t\t\t\n\n<h3>Qu\u2019est-ce que le polissage pour voiture ?<\/h3>\n<p>Le polissage automobile consiste \u00e0 corriger les d\u00e9fauts pr\u00e9sents sur une carrosserie. Le but ultime du polissage est d\u2019obtenir une carrosserie qui soit bien lisse. Pour ce faire, on doit faire dispara\u00eetre les micro-rayures, t\u00e2ches, tourbillons, hologrammes, ainsi que l\u2019oxydation de la peinture. Le but d\u2019un polissage consiste \u00e9galement \u00e0 rectifier les d\u00e9fauts issus d\u2019un entretien n\u00e9gligent, ou d\u2019un lavage mal fait. Apr\u00e8s cette \u00e9tape il faudra poser une protection sur la peinture de votre voiture. Protection et brillance avec la pose du cire, d\u2019un polish\u2026 ou protection r\u00e9sistante dans le temps le traitement c\u00e9ramique \u00e0 l\u00e9ponge, en spray ou \u00e0 la main en mode detailing.<\/p>\n<p>Le polissage peut \u00eatre r\u00e9alis\u00e9 \u00e0 la main ou avec une machine d\u00e9di\u00e9e (polisseuse orbitale, polisseuse rotative ou roto orbitale) avec des mousses de polissage (pads) plus ou moins abrasives. Nous parlons de combo pour parler du choix de la mousse de polissage (ou pads en laine ou microfibre) et de la p\u00e2te de polissage.<\/p>\n<p>Pour les plus experts d\u2019entre vous, vous utiliserez diff\u00e9rentes polisseuses : rotative, roto-orbitale ou orbitale.<\/p>\n<p>Pour aller chercher le moindre d\u00e9faut, vous utiliserez m\u00eame des polisseuses ultra performantes qui gr\u00e2ce \u00e0 leur ergonomie et leur taille r\u00e9duite vous permettront de polir une surface presque partout et dans le moindre d\u00e9tail : il s\u2019agit des nano-polisseuses ou des kits \u00ab nano \u00bb \u00e0 brancher sur une polisseuse rotative par exemple. <a href=\"https:\/\/formationdetailing.com\/actualite\/difference-polissage-et-lustrage\/#:~:text=A%20la%20diff%C3%A9rence%20du%20polissage,mousses%20(non%20abrasives)%20sp%C3%A9cifiques.\">(source formationdetaling.com).<\/a><\/p>\n\n\t\t<\/div>\n\t\t\t\t\t<\/div>\n\n\t\n\n<\/div>\n<div class=\"row\"  id=\"row-1195214750\">\n\n\n\t<div id=\"col-13644869\" class=\"col medium-6 small-12 large-6\"  >\n\t\t\t\t<div class=\"col-inner\"  >\n\t\t\t\n\t\t\t\n\n<h3>Qu\u2019est-ce que le lustrage pour voiture ?<\/h3>\n<p>L\u2019\u00e9tape du lustrage automobile arrive apr\u00e8s le polissage. Il regroupe de multiples techniques qui cherchent \u00e0 nourrir le vernis ou la peinture d\u2019une carrosserie afin de lui donner un aspect brillant, voire un effet miroir. On parle de donner du \u00ab lustre \u00bb \u00e0 la carrosserie. Lors d\u2019une prestation de detailing, le lustrage est n\u00e9cessaire avant l\u2019application d\u2019une cire protectrice, car il permet la fixation de cette derni\u00e8re sur la carrosserie.<\/p>\n<p>A la diff\u00e9rence du polissage, le lustrage ne corrige que tr\u00e8s peu les d\u00e9fauts d\u2019une carrosserie, voire pas du tout : il s\u2019agit d\u2019une \u00e9tape de finition dans le detailing automobile.<\/p>\n<p>Cette \u00e9tape peut \u00eatre r\u00e9alis\u00e9e \u00e0 la main ou \u00e0 l\u2019aide d\u2019une machine, associ\u00e9e \u00e0 l\u2019utilisation de mousses (non abrasives) sp\u00e9cifiques. Le detailer travaillera alors avec une machine orbitale pour \u00e9taler le produit et faire briller la carrosserie.<\/p>\n<p>En g\u00e9n\u00e9ral, un professionnel du detailing pr\u00e9f\u00e8rera une application manuelle du lustrant afin de maitriser ses gestes, \u00e9viter des projections de produit sur le v\u00e9hicules, sur les plastiques etc.. qui pourraient remettre en question tout son travail de pr\u00e9paration et de polissage.<\/p>\n<p>Petit clin d\u2019\u0153il \u00e0 nos amis belges qui emploient le terme de simonisage pour d\u00e9finir cette \u00e9tape pour faire briller un v\u00e9hicule.<\/p>\n<p>Ainsi, on voit ici que polissage et lustrage sont tout simplement 2 actions diff\u00e9rentes, qui ne poursuivent pas le m\u00eame but ; ils ne demandent pas les m\u00eames techniques, ou les m\u00eames comp\u00e9tences. Sur une carrosserie neuve, on peut se contenter d\u2019un lustrage, tandis que sur une carrosserie comportant des d\u00e9fauts, on commencera toujours par un polissage, avant (\u00e9ventuellement) d\u2019encha\u00eener sur un lustrage. <a href=\"https:\/\/formationdetailing.com\/actualite\/difference-polissage-et-lustrage\/#:~:text=A%20la%20diff%C3%A9rence%20du%20polissage,mousses%20(non%20abrasives)%20sp%C3%A9cifiques.\">(source formationdetailing.com)<\/a><\/p>\n\n\t\t<\/div>\n\t\t\t\t\t<\/div>\n\n\t\n\n\t<div id=\"col-1348385115\" class=\"col medium-6 small-12 large-6\"  >\n\t\t\t\t<div class=\"col-inner\"  >\n\t\t\t\n\t\t\t\n\n\t<div class=\"img has-hover x md-x lg-x y md-y lg-y\" id=\"image_1837361049\">\n\t\t\t\t\t\t\t\t<div class=\"img-inner image-cover dark\" style=\"padding-top:159%;\">\n\t\t\t<img loading=\"lazy\" decoding=\"async\" width=\"1707\" height=\"2560\" src=\"https:\/\/debossmouv.com\/wp-content\/uploads\/2023\/10\/Depositphotos_173531746_XL-scaled.jpg\" class=\"attachment-original size-original\" alt=\"\" srcset=\"https:\/\/debossmouv.com\/wp-content\/uploads\/2023\/10\/Depositphotos_173531746_XL-scaled.jpg 1707w, https:\/\/debossmouv.com\/wp-content\/uploads\/2023\/10\/Depositphotos_173531746_XL-267x400.jpg 267w, https:\/\/debossmouv.com\/wp-content\/uploads\/2023\/10\/Depositphotos_173531746_XL-533x800.jpg 533w, https:\/\/debossmouv.com\/wp-content\/uploads\/2023\/10\/Depositphotos_173531746_XL-768x1152.jpg 768w, https:\/\/debossmouv.com\/wp-content\/uploads\/2023\/10\/Depositphotos_173531746_XL-1024x1536.jpg 1024w, https:\/\/debossmouv.com\/wp-content\/uploads\/2023\/10\/Depositphotos_173531746_XL-1365x2048.jpg 1365w\" sizes=\"auto, (max-width: 1707px) 100vw, 1707px\" \/>\t\t\t\t\t\t\n\t\t\t\t\t<\/div>\n\t\t\t\t\t\t\t\t\n<style>\n#image_1837361049 {\n  width: 100%;\n}\n<\/style>\n\t<\/div>\n\t\n\n\n\t\t<\/div>\n\t\t\t\t\t<\/div>\n\n\t\n\n<\/div>\n\n\t\t<\/div>\n\n\t\t\n<style>\n#section_2091685177 {\n  padding-top: 30px;\n  padding-bottom: 30px;\n  background-color: rgb(0,0,0);\n}\n<\/style>\n\t<\/section>\n\t\n\n","protected":false},"excerpt":{"rendered":"","protected":false},"author":1,"featured_media":21,"parent":0,"menu_order":4,"comment_status":"closed","ping_status":"closed","template":"page-transparent-header-light.php","meta":{"footnotes":""},"class_list":["post-632","page","type-page","status-publish","has-post-thumbnail","hentry"],"_links":{"self":[{"href":"https:\/\/debossmouv.com\/index.php?rest_route=\/wp\/v2\/pages\/632","targetHints":{"allow":["GET"]}}],"collection":[{"href":"https:\/\/debossmouv.com\/index.php?rest_route=\/wp\/v2\/pages"}],"about":[{"href":"https:\/\/debossmouv.com\/index.php?rest_route=\/wp\/v2\/types\/page"}],"author":[{"embeddable":true,"href":"https:\/\/debossmouv.com\/index.php?rest_route=\/wp\/v2\/users\/1"}],"replies":[{"embeddable":true,"href":"https:\/\/debossmouv.com\/index.php?rest_route=%2Fwp%2Fv2%2Fcomments&post=632"}],"version-history":[{"count":14,"href":"https:\/\/debossmouv.com\/index.php?rest_route=\/wp\/v2\/pages\/632\/revisions"}],"predecessor-version":[{"id":698,"href":"https:\/\/debossmouv.com\/index.php?rest_route=\/wp\/v2\/pages\/632\/revisions\/698"}],"wp:featuredmedia":[{"embeddable":true,"href":"https:\/\/debossmouv.com\/index.php?rest_route=\/wp\/v2\/media\/21"}],"wp:attachment":[{"href":"https:\/\/debossmouv.com\/index.php?rest_route=%2Fwp%2Fv2%2Fmedia&parent=632"}],"curies":[{"name":"wp","href":"https:\/\/api.w.org\/{rel}","templated":true}]}}