{"id":590,"date":"2023-10-16T17:31:12","date_gmt":"2023-10-16T15:31:12","guid":{"rendered":"https:\/\/debossmouv.com\/?page_id=590"},"modified":"2023-10-24T10:08:38","modified_gmt":"2023-10-24T08:08:38","slug":"lavage-interieur-exterieur","status":"publish","type":"page","link":"https:\/\/debossmouv.com\/?page_id=590","title":{"rendered":"LAVAGE INTERIEUR &#038; EXT\u00c9RIEUR"},"content":{"rendered":"\n\n\t<section class=\"section\" id=\"section_202664920\">\n\t\t<div class=\"section-bg fill\" >\n\t\t\t\t\t\t\t\t\t\n\t\t\t\n\t<div class=\"is-border\"\n\t\tstyle=\"border-width:0px 0px 0px 0px;\">\n\t<\/div>\n\n\t\t<\/div>\n\n\t\t\n\t<div class=\"ux-shape-divider ux-shape-divider--bottom ux-shape-divider--style-waves-opacity-3 ux-shape-divider--to-front\">\n\t\t<svg viewBox=\"0 0 1000 300\" xmlns=\"http:\/\/www.w3.org\/2000\/svg\" preserveAspectRatio=\"none\">\n\t<path class=\"ux-shape-fill\" opacity=\"0.05\" d=\"M1014 264V386H206L34 300C34 300 344.42 277.16 436 221C542 156 590 160 704 209C811 255 899.11 214.94 979 346L1014 264Z\"\/>\n\t<path class=\"ux-shape-fill\" opacity=\"0.1\" d=\"M-302 55C-302 55 -66.73 263.25 50 214C178 160 283 116 353 141C445.68 174.1 534.28 256.19 588 249C692.9 235 764.52 75.94 855 131C940.61 183.09 1000 254 1000 254V328L-306 338L-302 55Z\"\/>\n\t<path class=\"ux-shape-fill\" opacity=\"0.15\" d=\"M-286 255C-286 255 -72 152 52 126C176 100 255 155 436 227C581.57 284.91 614.7 277.79 708 227C787 184 1009 3.0001 1093 164C1146 265.63 1031 293 1031 293L924 377L-288 389L-286 255Z\"\/>\n\t<path class=\"ux-shape-fill\" opacity=\"0.3\" d=\"M-24 69C-24 69 275.68 370.66 389 314C397 310 622 316 673 356C690.47 369.7 845 224 890 182C944.8 130.85 1018 92 1078 143C1154.12 207.7 1196 242 1196 242L1184 374L-28 386L-24 69Z\"\/>\n\t<path class=\"ux-shape-fill\" d=\"M-12 201C-12 201 58 284 182 258C306 232 342.29 221.23 456 264C565 305 640.82 288.36 721 249C776 222 837.5 191.31 935 253C984 284 1030 279 1030 279L1024 430L-12 440V201Z\"\/>\n<\/svg>\n\t<\/div>\n\n\t\t<div class=\"section-content relative\">\n\t\t\t\n\n<div class=\"slider-wrapper relative\" id=\"slider-1224593682\" >\n    <div class=\"slider slider-nav-circle slider-nav-large slider-nav-light slider-style-normal\"\n        data-flickity-options='{\n            \"cellAlign\": \"center\",\n            \"imagesLoaded\": true,\n            \"lazyLoad\": 1,\n            \"freeScroll\": false,\n            \"wrapAround\": true,\n            \"autoPlay\": 6000,\n            \"pauseAutoPlayOnHover\" : true,\n            \"prevNextButtons\": true,\n            \"contain\" : true,\n            \"adaptiveHeight\" : true,\n            \"dragThreshold\" : 10,\n            \"percentPosition\": true,\n            \"pageDots\": true,\n            \"rightToLeft\": false,\n            \"draggable\": true,\n            \"selectedAttraction\": 0.1,\n            \"parallax\" : 0,\n            \"friction\": 0.6        }'\n        >\n        \n\n\n  <div class=\"banner has-hover has-slide-effect slide-fade-in\" id=\"banner-1625980817\">\n          <div class=\"banner-inner fill\">\n        <div class=\"banner-bg fill\" >\n            <img loading=\"lazy\" decoding=\"async\" width=\"2560\" height=\"794\" src=\"https:\/\/debossmouv.com\/wp-content\/uploads\/2023\/10\/Depositphotos_278430578_XL-scaled.jpg\" class=\"bg attachment-original size-original\" alt=\"\" \/>                        <div class=\"overlay\"><\/div>            \n                    <\/div>\n\t\t\n        <div class=\"banner-layers container\">\n            <div class=\"fill banner-link\"><\/div>            \n\n   <div id=\"text-box-615887722\" class=\"text-box banner-layer text-box-circle x85 md-x85 lg-x85 y25 md-y95 lg-y95 res-text\">\n                     <div data-animate=\"bounceIn\">           <div class=\"text-box-content text dark\">\n              \n              <div class=\"text-inner text-center\">\n                  \n\n\t<div id=\"text-1149580405\" class=\"text\">\n\t\t\n\n<h5 class=\"uppercase\">besoin d&rsquo;un LAVAGE INT\u00c9GRAL DE VOTRE V\u00c9HICULE ?<\/h5>\n<p>Vous \u00eates au bon endroit, nous sommes les sp\u00e9cialistes du lavage int\u00e9rieur et ext\u00e9rieur de v\u00e9hicules.<\/p>\n\n\t\t\n<style>\n#text-1149580405 {\n  color: rgb(255,255,255);\n}\n#text-1149580405 > * {\n  color: rgb(255,255,255);\n}\n<\/style>\n\t<\/div>\n\t\n<a data-animate=\"bounceIn\" href=\"https:\/\/debossmouv.com\/?page_id=497\" class=\"button primary\" style=\"border-radius:45px;\">\n\t\t<span>Contactez-nous<\/span>\n\t<\/a>\n\n\n\n              <\/div>\n           <\/div>\n       <\/div>                     \n<style>\n#text-box-615887722 .text-inner {\n  padding: 0px 20px 0px 20px;\n}\n#text-box-615887722 {\n  width: 70%;\n}\n#text-box-615887722 .text-box-content {\n  font-size: 100%;\n}\n@media (min-width:550px) {\n  #text-box-615887722 {\n    width: 58%;\n  }\n}\n<\/style>\n    <\/div>\n \n\n        <\/div>\n      <\/div>\n\n            \n<style>\n#banner-1625980817 {\n  padding-top: 800px;\n  background-color: rgb(0,0,0);\n}\n#banner-1625980817 .overlay {\n  background-color: rgba(0, 0, 0, 0.17);\n}\n#banner-1625980817 .banner-bg img {\n  object-position: 18% 81%;\n}\n<\/style>\n  <\/div>\n\n\n\n     <\/div>\n\n     <div class=\"loading-spin dark large centered\"><\/div>\n\n\t<\/div>\n\n\n\n\t\t<\/div>\n\n\t\t\n<style>\n#section_202664920 {\n  padding-top: 0px;\n  padding-bottom: 0px;\n  background-color: rgb(0,0,0);\n}\n#section_202664920 .ux-shape-divider--bottom svg {\n  height: 150px;\n  --divider-width: 280%;\n}\n#section_202664920 .ux-shape-divider--bottom .ux-shape-fill {\n  fill: rgb(0,0,0);\n}\n@media (min-width:550px) {\n  #section_202664920 .ux-shape-divider--bottom svg {\n    --divider-width: 122%;\n  }\n}\n<\/style>\n\t<\/section>\n\t\n\n\t<section class=\"section\" id=\"section_1630067054\">\n\t\t<div class=\"section-bg fill\" >\n\t\t\t\t\t\t\t\t\t\n\t\t\t\n\t<div class=\"is-border\"\n\t\tstyle=\"border-width:0px 0px 0px 0px;\">\n\t<\/div>\n\n\t\t<\/div>\n\n\t\t\n\n\t\t<div class=\"section-content relative\">\n\t\t\t\n\n\t<div id=\"gap-1272398397\" class=\"gap-element clearfix\" style=\"display:block; height:auto;\">\n\t\t\n<style>\n#gap-1272398397 {\n  padding-top: 100px;\n}\n<\/style>\n\t<\/div>\n\t\n\n<div class=\"container section-title-container\" ><h2 class=\"section-title section-title-center\"><b aria-hidden=\"true\"><\/b><span class=\"section-title-main\" style=\"color:rgb(184, 151, 70);\">NOS TARIFS :<\/span><b aria-hidden=\"true\"><\/b><\/h2><\/div>\n\n\t<div id=\"text-2393939146\" class=\"text\">\n\t\t\n\n<p>LAVAGE INT\u00c9RIEUR &amp; EXT\u00c9RIEUR : 70\u20ac<\/p>\n\t\t\n<style>\n#text-2393939146 {\n  text-align: center;\n}\n<\/style>\n\t<\/div>\n\t\n\n\t\t<\/div>\n\n\t\t\n<style>\n#section_1630067054 {\n  padding-top: 30px;\n  padding-bottom: 30px;\n  background-color: rgb(0,0,0);\n}\n<\/style>\n\t<\/section>\n\t\n\n","protected":false},"excerpt":{"rendered":"","protected":false},"author":1,"featured_media":21,"parent":0,"menu_order":3,"comment_status":"closed","ping_status":"closed","template":"page-transparent-header-light.php","meta":{"footnotes":""},"class_list":["post-590","page","type-page","status-publish","has-post-thumbnail","hentry"],"_links":{"self":[{"href":"https:\/\/debossmouv.com\/index.php?rest_route=\/wp\/v2\/pages\/590","targetHints":{"allow":["GET"]}}],"collection":[{"href":"https:\/\/debossmouv.com\/index.php?rest_route=\/wp\/v2\/pages"}],"about":[{"href":"https:\/\/debossmouv.com\/index.php?rest_route=\/wp\/v2\/types\/page"}],"author":[{"embeddable":true,"href":"https:\/\/debossmouv.com\/index.php?rest_route=\/wp\/v2\/users\/1"}],"replies":[{"embeddable":true,"href":"https:\/\/debossmouv.com\/index.php?rest_route=%2Fwp%2Fv2%2Fcomments&post=590"}],"version-history":[{"count":16,"href":"https:\/\/debossmouv.com\/index.php?rest_route=\/wp\/v2\/pages\/590\/revisions"}],"predecessor-version":[{"id":702,"href":"https:\/\/debossmouv.com\/index.php?rest_route=\/wp\/v2\/pages\/590\/revisions\/702"}],"wp:featuredmedia":[{"embeddable":true,"href":"https:\/\/debossmouv.com\/index.php?rest_route=\/wp\/v2\/media\/21"}],"wp:attachment":[{"href":"https:\/\/debossmouv.com\/index.php?rest_route=%2Fwp%2Fv2%2Fmedia&parent=590"}],"curies":[{"name":"wp","href":"https:\/\/api.w.org\/{rel}","templated":true}]}}